{"id":210,"date":"2014-07-14T22:15:45","date_gmt":"2014-07-14T22:15:45","guid":{"rendered":"http:\/\/ruilatall.ee\/?page_id=210"},"modified":"2020-07-09T16:19:29","modified_gmt":"2020-07-09T16:19:29","slug":"ruila-tallid","status":"publish","type":"page","link":"https:\/\/ruilatall.ee\/?page_id=210","title":{"rendered":"RUILA TALLID"},"content":{"rendered":"<div class=\"one_half column\">\n<p>Ruila m\u00f5is koos tallidega p\u00e4rineb 14. sajandi l\u00f5pust. Esmakordselt leiab \u00fcrikutes Ruil (kohanimi kuni 1920) \u00e4ram\u00e4rkimist 1417. aastal, kui m\u00f5is kuulus Saksa Ordule ja seal asus Tallinna komtuur. Kuue sajandi jooksul on kogunenud siia vanade m\u00fc\u00fcride vahele t\u00e4helepanuv\u00e4\u00e4rne kultuur ja ajalugu, mis kujundab seda keskkonda ka t\u00e4nap\u00e4eval. Hobused leidsid Eha Kirsipuu abiga tee m\u00f5isatallidesse tagasi 1979. aasta s\u00fcgisel. Hobukultuur on Ruilas j\u00e4tkuvalt au sees, n\u00fc\u00fcd eelk\u00f5ige Eesti ratsaspordi edendamise eesm\u00e4rgil.<\/p>\n<p>Ruila Tall on suurim ratsaspordile p\u00fchendunud keskus Eestis. Tallis on \u00fcle 60 boksikoha, mis jagunevad 5 talli ja 10 v\u00e4liboksi vahel. Hobustele on avarad v\u00e4likoplid killustiks\u00f5elmelise p\u00f5hjakattega, neljakohaline jalutusmasin ning 15ha erinevate suurustega murukopleid. Ratsutamiseks on pakkuda kaks liiv-tekstiil p\u00f5hjaga v\u00e4ljakut, galopirada heinamaal ning kaks manee\u017ei.<\/p>\n<p>Ruila Tall on atesteeritud\u00a0Eesti Ratsaspordi Liidu poolt k\u00f5rgeima 3* tunnustusega.<\/p>\n<\/div>\n<div class=\"one_half column last\">\n<p>Ruila Talli \u00fcheks suureks eeliseks on tallis tegutsev <a href=\"http:\/\/www.ruilakliinik.ee\/\" target=\"_blank\" rel=\"noopener noreferrer\">Ruila Kliinik<\/a>, kus teevad koost\u00f6\u00f6d dr. Andres Tuvi ja dr. Tiit Siiboja.<\/p>\n<p>Ruila Tallis s\u00f6\u00f6detakse hobuseid kolm korda p\u00e4evas. P\u00f5hitoiduks on hein ning kaer. Talli kaudu saab tellida ka Havensi lisas\u00f6\u00f6tasid ja NAF toidulisandeid. Bokse korrastatakse kaks korda p\u00e4evas. Allapanuks kasutatakse vastavalt omaniku soovile saepuru ja\/v\u00f5i turvast.<\/p>\n<p>Ruila Tall pakub ka v\u00f5imalust rentida pubi ruumi, kus saab pidada koosolekuid, s\u00fcnnip\u00e4evi v\u00f5i seminare. Kui pidu l\u00e4heb \u00f5htusse, on tallil pakkuda kaks tuba, kokku kaheksa magamiskohaga. Samuti on v\u00f5imalik korraldada laste ekskursioone, mille k\u00e4igus tutvutakse tallieluga ja k\u00e4iakse ratsutamas.<\/p>\n<\/div>\n<div class=\"clearboth\"><\/div>\n<div class=\"flexslider clearfix\">\n<ul class=\"slides\">\n<li><img loading=\"lazy\" class=\"alignnone size-large wp-image-337\" src=\"http:\/\/ruilatall.ee\/wp-content\/uploads\/2014\/07\/IMG_46451-1024x682.jpg\" alt=\"IMG_4645\" width=\"1024\" height=\"682\" srcset=\"https:\/\/ruilatall.ee\/wp-content\/uploads\/2014\/07\/IMG_46451-1024x682.jpg 1024w, https:\/\/ruilatall.ee\/wp-content\/uploads\/2014\/07\/IMG_46451-300x200.jpg 300w, https:\/\/ruilatall.ee\/wp-content\/uploads\/2014\/07\/IMG_46451.jpg 1920w\" sizes=\"(max-width: 1024px) 100vw, 1024px\" \/><\/li>\n<li><img loading=\"lazy\" class=\"alignnone size-large wp-image-339\" src=\"http:\/\/ruilatall.ee\/wp-content\/uploads\/2014\/07\/IMG_47271-1024x682.jpg\" alt=\"IMG_4727\" width=\"1024\" height=\"682\" srcset=\"https:\/\/ruilatall.ee\/wp-content\/uploads\/2014\/07\/IMG_47271-1024x682.jpg 1024w, https:\/\/ruilatall.ee\/wp-content\/uploads\/2014\/07\/IMG_47271-300x200.jpg 300w, https:\/\/ruilatall.ee\/wp-content\/uploads\/2014\/07\/IMG_47271.jpg 1920w\" sizes=\"(max-width: 1024px) 100vw, 1024px\" \/><\/li>\n<li><img loading=\"lazy\" class=\"alignnone size-large wp-image-340\" src=\"http:\/\/ruilatall.ee\/wp-content\/uploads\/2014\/07\/IMG_47291-1024x682.jpg\" alt=\"IMG_4729\" width=\"1024\" height=\"682\" srcset=\"https:\/\/ruilatall.ee\/wp-content\/uploads\/2014\/07\/IMG_47291-1024x682.jpg 1024w, https:\/\/ruilatall.ee\/wp-content\/uploads\/2014\/07\/IMG_47291-300x200.jpg 300w, https:\/\/ruilatall.ee\/wp-content\/uploads\/2014\/07\/IMG_47291.jpg 1920w\" sizes=\"(max-width: 1024px) 100vw, 1024px\" \/><\/li>\n<\/ul>\n<\/div>\n","protected":false},"excerpt":{"rendered":"","protected":false},"author":1,"featured_media":0,"parent":0,"menu_order":0,"comment_status":"closed","ping_status":"closed","template":"page-full-width.php","meta":[],"_links":{"self":[{"href":"https:\/\/ruilatall.ee\/index.php?rest_route=\/wp\/v2\/pages\/210"}],"collection":[{"href":"https:\/\/ruilatall.ee\/index.php?rest_route=\/wp\/v2\/pages"}],"about":[{"href":"https:\/\/ruilatall.ee\/index.php?rest_route=\/wp\/v2\/types\/page"}],"author":[{"embeddable":true,"href":"https:\/\/ruilatall.ee\/index.php?rest_route=\/wp\/v2\/users\/1"}],"replies":[{"embeddable":true,"href":"https:\/\/ruilatall.ee\/index.php?rest_route=%2Fwp%2Fv2%2Fcomments&post=210"}],"version-history":[{"count":13,"href":"https:\/\/ruilatall.ee\/index.php?rest_route=\/wp\/v2\/pages\/210\/revisions"}],"predecessor-version":[{"id":692,"href":"https:\/\/ruilatall.ee\/index.php?rest_route=\/wp\/v2\/pages\/210\/revisions\/692"}],"wp:attachment":[{"href":"https:\/\/ruilatall.ee\/index.php?rest_route=%2Fwp%2Fv2%2Fmedia&parent=210"}],"curies":[{"name":"wp","href":"https:\/\/api.w.org\/{rel}","templated":true}]}}