{"id":294,"date":"2014-07-18T11:03:23","date_gmt":"2014-07-18T11:03:23","guid":{"rendered":"http:\/\/ruilatall.ee\/?page_id=294"},"modified":"2014-11-28T13:18:02","modified_gmt":"2014-11-28T13:18:02","slug":"voistlused","status":"publish","type":"page","link":"https:\/\/ruilatall.ee\/?page_id=294","title":{"rendered":"V\u00d5ISTLUSED"},"content":{"rendered":"<div class=\"one_half column\">\n<p>Ruila Talli poolt korraldatud v\u00f5istluste ajalugu ulatub aastasse 1975, kui Eha Kirsipuu koos oma heade s\u00f5pradega algatas Kernu jaanip\u00e4eva v\u00f5istluse traditsiooni. V\u00f5istlused toimusid kahel alal \u2013 hobuste k\u00f5rgush\u00fcpe ning jahitakistuss\u00f5it maastikul. 1982. aastal kolis jaanip\u00e4eva v\u00f5istlus Ruila talli ning v\u00f5istluse tarbeks loodi Ruilasse spetsiaalne derby v\u00e4ljak. Jaanip\u00e4eva v\u00f5istlusi koos derby\u2019ga viidi Ruilas l\u00e4bi kuni 2007. aastani. Talviste treening- ja v\u00f5istlustingimuste parandamiseks rekonstrueeriti 2010. aastal Ruila talli suur manee\u017ei ja 2012. aastal uuendati v\u00f5istlus- ja soojendusv\u00e4ljakut.<\/p>\n<\/div>\n<div class=\"one_half column last\">\n<p>2010. aastal sai alguse Ruila Kevadtuuri traditsioon. Ruila Kevadtuur on kahel j\u00e4rjestikusel n\u00e4dalavahetusel toimuv rahvusvaheline takistuss\u00f5idu v\u00f5istlus.\u00a02011. ja 2012. aastal korraldati Ruilas maailmakarika etapid takistuss\u00f5idus. 2011. aastast alates korraldatakse Ruilas Eesti Meistriv\u00f5istluseid takistus- ja koolis\u00f5idus.<\/p>\n<\/div>\n<div class=\"clearboth\"><\/div>\n","protected":false},"excerpt":{"rendered":"","protected":false},"author":1,"featured_media":0,"parent":0,"menu_order":0,"comment_status":"closed","ping_status":"closed","template":"page-full-width.php","meta":[],"_links":{"self":[{"href":"https:\/\/ruilatall.ee\/index.php?rest_route=\/wp\/v2\/pages\/294"}],"collection":[{"href":"https:\/\/ruilatall.ee\/index.php?rest_route=\/wp\/v2\/pages"}],"about":[{"href":"https:\/\/ruilatall.ee\/index.php?rest_route=\/wp\/v2\/types\/page"}],"author":[{"embeddable":true,"href":"https:\/\/ruilatall.ee\/index.php?rest_route=\/wp\/v2\/users\/1"}],"replies":[{"embeddable":true,"href":"https:\/\/ruilatall.ee\/index.php?rest_route=%2Fwp%2Fv2%2Fcomments&post=294"}],"version-history":[{"count":4,"href":"https:\/\/ruilatall.ee\/index.php?rest_route=\/wp\/v2\/pages\/294\/revisions"}],"predecessor-version":[{"id":433,"href":"https:\/\/ruilatall.ee\/index.php?rest_route=\/wp\/v2\/pages\/294\/revisions\/433"}],"wp:attachment":[{"href":"https:\/\/ruilatall.ee\/index.php?rest_route=%2Fwp%2Fv2%2Fmedia&parent=294"}],"curies":[{"name":"wp","href":"https:\/\/api.w.org\/{rel}","templated":true}]}}