{"id":693,"date":"2020-07-09T16:22:51","date_gmt":"2020-07-09T16:22:51","guid":{"rendered":"https:\/\/ruilatall.ee\/?page_id=693"},"modified":"2020-07-09T16:26:17","modified_gmt":"2020-07-09T16:26:17","slug":"ruila-fei-world-cup-2020","status":"publish","type":"page","link":"https:\/\/ruilatall.ee\/?page_id=693","title":{"rendered":"Ruila FEI World Cup\u2122 2020"},"content":{"rendered":"<figure class=\"wp-block-image\"><img loading=\"lazy\" width=\"1024\" height=\"576\" src=\"https:\/\/ruilatall.ee\/wp-content\/uploads\/2020\/07\/RuilaMK-FBevent-1920x1080-1024x576.png\" alt=\"\" class=\"wp-image-695\" srcset=\"https:\/\/ruilatall.ee\/wp-content\/uploads\/2020\/07\/RuilaMK-FBevent-1920x1080-1024x576.png 1024w, https:\/\/ruilatall.ee\/wp-content\/uploads\/2020\/07\/RuilaMK-FBevent-1920x1080-300x169.png 300w, https:\/\/ruilatall.ee\/wp-content\/uploads\/2020\/07\/RuilaMK-FBevent-1920x1080-768x432.png 768w, https:\/\/ruilatall.ee\/wp-content\/uploads\/2020\/07\/RuilaMK-FBevent-1920x1080.png 1920w\" sizes=\"(max-width: 1024px) 100vw, 1024px\" \/><\/figure>\n<p><strong>Kesk-Euroopa liiga takistuss\u00f5idu ja koolis\u00f5idu maailmakarika etapid toimuvad 14.-16. augustini Ruilas.<\/strong><\/p>\n<p>V\u00f5istlema oodatakse nii Eesti kui ka l\u00e4hiriikide tippratsanikke. Kokku stardivad v\u00f5istlusel takistus- ja koolis\u00f5idus 60 sportlast 160 hobusel. Koolis\u00f5idu maailmakarika etapp toimub 15.08 ennel\u00f5unal ja takistuss\u00f5idu maailmakarika etapp 16.08 pealel\u00f5unal.<\/p>\n<p>V\u00f5istlus on pealtvaatajatele tasuta. Publikualas on avatud kohvik.<\/p>\n<p>V\u00f5istluse info jooksvalt <strong><a href=\"https:\/\/www.facebook.com\/events\/555029688496671\/\">SIIN<\/a>\u00a0<\/strong><\/p>\n<p><strong>ENGLISH<\/strong><\/p>\n<p>World Cup qualifiers of the Central European League, highly awaited by equestrian athletes and fans, will be held in Ruila Riding Center from August 14 to 16 this year.<\/p>\n<p>The event is part of FEI World CupTM series both in show jumping and dressage.<br \/>Show jumping FEI World Cup qualifier \u2013 16.08<br \/>Dressage FEI World Cup qualifier \u2013 15.08<\/p>\n<p>Ruila has hosted both World Cup and Nations\u2019 Cup qualifiers and it\u2019s one of the best and most beautiful venues in Estonia. Top equestrians of Estonia and neighbouring countries are expected to participate. All in all, 60 athletes on 160 horses will compete in show jumping and dressage.<\/p>\n<p>The event is free for spectators.<\/p>\n<p>More information<strong> <a href=\"https:\/\/www.facebook.com\/events\/555029688496671\/\">HERE<\/a><\/strong><\/p>\n","protected":false},"excerpt":{"rendered":"<p>Kesk-Euroopa liiga takistuss\u00f5idu ja koolis\u00f5idu maailmakarika etapid toimuvad 14.-16. augustini Ruilas. V\u00f5istlema oodatakse nii Eesti kui ka l\u00e4hiriikide tippratsanikke. Kokku stardivad v\u00f5istlusel takistus- ja koolis\u00f5idus 60 sportlast 160 hobusel. Koolis\u00f5idu maailmakarika etapp toimub 15.08 ennel\u00f5unal ja takistuss\u00f5idu maailmakarika etapp 16.08 pealel\u00f5unal. V\u00f5istlus on pealtvaatajatele tasuta. Publikualas on avatud kohvik. V\u00f5istluse info jooksvalt SIIN\u00a0 ENGLISH World [&hellip;]<\/p>\n","protected":false},"author":1,"featured_media":0,"parent":0,"menu_order":0,"comment_status":"closed","ping_status":"closed","template":"","meta":[],"_links":{"self":[{"href":"https:\/\/ruilatall.ee\/index.php?rest_route=\/wp\/v2\/pages\/693"}],"collection":[{"href":"https:\/\/ruilatall.ee\/index.php?rest_route=\/wp\/v2\/pages"}],"about":[{"href":"https:\/\/ruilatall.ee\/index.php?rest_route=\/wp\/v2\/types\/page"}],"author":[{"embeddable":true,"href":"https:\/\/ruilatall.ee\/index.php?rest_route=\/wp\/v2\/users\/1"}],"replies":[{"embeddable":true,"href":"https:\/\/ruilatall.ee\/index.php?rest_route=%2Fwp%2Fv2%2Fcomments&post=693"}],"version-history":[{"count":4,"href":"https:\/\/ruilatall.ee\/index.php?rest_route=\/wp\/v2\/pages\/693\/revisions"}],"predecessor-version":[{"id":698,"href":"https:\/\/ruilatall.ee\/index.php?rest_route=\/wp\/v2\/pages\/693\/revisions\/698"}],"wp:attachment":[{"href":"https:\/\/ruilatall.ee\/index.php?rest_route=%2Fwp%2Fv2%2Fmedia&parent=693"}],"curies":[{"name":"wp","href":"https:\/\/api.w.org\/{rel}","templated":true}]}}