{"id":84,"date":"2013-06-17T18:41:08","date_gmt":"2013-06-17T18:41:08","guid":{"rendered":"http:\/\/themetrust.com\/demos\/hayden\/?page_id=84"},"modified":"2014-11-28T13:42:30","modified_gmt":"2014-11-28T13:42:30","slug":"ratsaklubi-ruila-tall","status":"publish","type":"page","link":"https:\/\/ruilatall.ee\/?page_id=84","title":{"rendered":"RATSAKLUBI"},"content":{"rendered":"<div class=\"one_half column\">\n<p>Ratsaklubi Ruila Tall ajalugu ulatub 1995 aastasse, mil tunnustatud veterinaararsti ning <a href=\"http:\/\/www.ruilakliinik.ee\/\">Ruila Kliiniku<\/a> eestvedaja Andres Tuvi ning Marti T\u00f5ldseppa poolt asutati ratsaspordiklubi Kernu Ratsu. Marti T\u00f5ldseppa kutsel t\u00f5id oma hobused Ruilasse Riina ja Rein Pill ning Triin Bergmann. Viimastega \u00fchinesid Ruila ratsasporti oluliselt m\u00f5jutanud hakkajad mehed: Heiti ja Marti H\u00e4\u00e4l, T\u00f5nu Puidak ning Feliks M\u00e4gus. Nimetatud seltskonna ning Rein Pilli eestvedamisel moodustati 1999 aastal ratsaklubi Kuldne Kabi.<\/p>\n<p>\u00d5ige pea sai selgeks, et \u00fches tallis pole kahe ratsaspordi klubi arendamine m\u00f5istlik ning Kernu Ratsu ja Kuldne Kabi liitusid. Aastast 2010 kannab klubi nime\u00a0Ratsaklubi Ruila Tall.<\/p>\n<\/div>\n<div class=\"one_half column last\">\n<p>T\u00e4nasel p\u00e4eval koondab Ratsaklubi Ruila Tall enda alla peaasjalikult takistuss\u00f5iduga tegelevaid sportlaseid. Klubi liikmete poolt v\u00f5idetud riiklike ja rahvusvaheliste takistuss\u00f5idu v\u00f5istluste auhindade arv on m\u00e4rkimisv\u00e4\u00e4rselt suur. Samuti on klubi mitmel aastal tunnustatud Ratsaliidu poolt\u00a0parima takistuss\u00f5idu klubi tiitliga.<\/p>\n<p>Klubi peatreeneriks on Eesti Ratsaspordi Liidu takistuss\u00f5idu suuna manager ning spordidirektor <a href=\"http:\/\/www.ratsaliit.ee\/alad\/ts\/manager\/\">Riina Pill<\/a>. Koost\u00f6\u00f6s Ratsaliiduga korraldatakse regulaarselt ka v\u00e4listreenerite kliinikuid.<\/p>\n<\/div>\n<div class=\"clearboth\"><\/div>\n","protected":false},"excerpt":{"rendered":"","protected":false},"author":2,"featured_media":0,"parent":0,"menu_order":0,"comment_status":"closed","ping_status":"closed","template":"page-full-width.php","meta":[],"_links":{"self":[{"href":"https:\/\/ruilatall.ee\/index.php?rest_route=\/wp\/v2\/pages\/84"}],"collection":[{"href":"https:\/\/ruilatall.ee\/index.php?rest_route=\/wp\/v2\/pages"}],"about":[{"href":"https:\/\/ruilatall.ee\/index.php?rest_route=\/wp\/v2\/types\/page"}],"author":[{"embeddable":true,"href":"https:\/\/ruilatall.ee\/index.php?rest_route=\/wp\/v2\/users\/2"}],"replies":[{"embeddable":true,"href":"https:\/\/ruilatall.ee\/index.php?rest_route=%2Fwp%2Fv2%2Fcomments&post=84"}],"version-history":[{"count":10,"href":"https:\/\/ruilatall.ee\/index.php?rest_route=\/wp\/v2\/pages\/84\/revisions"}],"predecessor-version":[{"id":434,"href":"https:\/\/ruilatall.ee\/index.php?rest_route=\/wp\/v2\/pages\/84\/revisions\/434"}],"wp:attachment":[{"href":"https:\/\/ruilatall.ee\/index.php?rest_route=%2Fwp%2Fv2%2Fmedia&parent=84"}],"curies":[{"name":"wp","href":"https:\/\/api.w.org\/{rel}","templated":true}]}}